{"id":33,"date":"2020-10-05T18:50:20","date_gmt":"2020-10-05T18:50:20","guid":{"rendered":"https:\/\/frankarntjen.de\/?page_id=33"},"modified":"2020-10-08T06:04:51","modified_gmt":"2020-10-08T06:04:51","slug":"ueber-mich","status":"publish","type":"page","link":"https:\/\/frankarntjen.de\/?page_id=33","title":{"rendered":"\u00fcber mich"},"content":{"rendered":"\n<p><strong>Famili\u00e4res<\/strong><\/p>\n\n\n\n<p>Ich bin Jahrgang 1980, in Westerstede geboren und in Elmendorf aufgewachsen. Hier wohne ich mit meiner Frau und unseren drei Kindern bis heute.<\/p>\n\n\n\n<p><strong>Schule<\/strong><\/p>\n\n\n\n<p>Mein t\u00e4glicher Schulweg f\u00fchrte mich zun\u00e4chst zur Grundschule Elmendorf und dann zum Gymnasium nach Bad Zwischenahn, wo ich 1999 Abitur gemacht habe.<\/p>\n\n\n\n<p><strong>Studium und Ausbildung<\/strong><\/p>\n\n\n\n<p>In einem dualen Studium habe ich in Wilhelmshaven und Bordeaux Maschinenbau studiert und parallel eine Ausbildung zum Zerspanungsmechaniker gemacht.<\/p>\n\n\n\n<p>Mit einem Masterstudium an der PFH G\u00f6ttingen am Standort Stade habe ich mich auf den Bereich Leichtbau spezialisiert.<\/p>\n\n\n\n<p><strong>Berufliches<\/strong><\/p>\n\n\n\n<p>In meinem Ausbildungsbetrieb in Wilhelmshaven war ich nach dem Studium zwei Jahre zun\u00e4chst als Projektleiter und dann als Assistent der Gesch\u00e4ftsleitung angestellt. Im Anschluss daran habe ich mich im Jahr 2007 selbst\u00e4ndig gemacht und ein Ingenieurb\u00fcro gegr\u00fcndet.<\/p>\n\n\n\n<p>Im Jahr 2016 habe ich die hochtechnic GmbH gegr\u00fcndet, die derzeit 5 Mitarbeiter besch\u00e4ftigt.<\/p>\n\n\n\n<figure class=\"wp-block-image size-large is-resized\"><img loading=\"lazy\" src=\"https:\/\/frankarntjen.de\/wp-content\/uploads\/2020\/10\/Frank-2020.jpg\" alt=\"\" class=\"wp-image-70\" width=\"299\" height=\"374\" srcset=\"https:\/\/frankarntjen.de\/wp-content\/uploads\/2020\/10\/Frank-2020.jpg 702w, https:\/\/frankarntjen.de\/wp-content\/uploads\/2020\/10\/Frank-2020-240x300.jpg 240w, https:\/\/frankarntjen.de\/wp-content\/uploads\/2020\/10\/Frank-2020-216x270.jpg 216w\" sizes=\"(max-width: 299px) 100vw, 299px\" \/><\/figure>\n","protected":false},"excerpt":{"rendered":"<p>Famili\u00e4res Ich bin Jahrgang 1980, in Westerstede geboren und in Elmendorf aufgewachsen. Hier wohne ich mit meiner Frau und unseren drei Kindern bis heute. Schule Mein t\u00e4glicher Schulweg f\u00fchrte mich zun\u00e4chst zur Grundschule Elmendorf&#46;&#46;&#46;<\/p>\n","protected":false},"author":1,"featured_media":0,"parent":0,"menu_order":0,"comment_status":"closed","ping_status":"closed","template":"","meta":[],"_links":{"self":[{"href":"https:\/\/frankarntjen.de\/index.php?rest_route=\/wp\/v2\/pages\/33"}],"collection":[{"href":"https:\/\/frankarntjen.de\/index.php?rest_route=\/wp\/v2\/pages"}],"about":[{"href":"https:\/\/frankarntjen.de\/index.php?rest_route=\/wp\/v2\/types\/page"}],"author":[{"embeddable":true,"href":"https:\/\/frankarntjen.de\/index.php?rest_route=\/wp\/v2\/users\/1"}],"replies":[{"embeddable":true,"href":"https:\/\/frankarntjen.de\/index.php?rest_route=%2Fwp%2Fv2%2Fcomments&post=33"}],"version-history":[{"count":3,"href":"https:\/\/frankarntjen.de\/index.php?rest_route=\/wp\/v2\/pages\/33\/revisions"}],"predecessor-version":[{"id":107,"href":"https:\/\/frankarntjen.de\/index.php?rest_route=\/wp\/v2\/pages\/33\/revisions\/107"}],"wp:attachment":[{"href":"https:\/\/frankarntjen.de\/index.php?rest_route=%2Fwp%2Fv2%2Fmedia&parent=33"}],"curies":[{"name":"wp","href":"https:\/\/api.w.org\/{rel}","templated":true}]}}